{"id":4,"date":"2023-07-18T16:50:57","date_gmt":"2023-07-18T16:50:57","guid":{"rendered":"https:\/\/1-rsv-forchheim.de\/?page_id=4"},"modified":"2026-02-23T10:57:24","modified_gmt":"2026-02-23T10:57:24","slug":"willkommen-auf-https-1-rsv-forchheim-de","status":"publish","type":"page","link":"https:\/\/1-rsv-forchheim.de\/","title":{"rendered":"Herzlich willkommen beim 1. RSV Forchheim"},"content":{"rendered":"\n<p class=\"has-text-align-center has-luminous-vivid-orange-color has-text-color has-link-color wp-elements-cdafaac13bda78e9e0e9aee457ee2562\" style=\"font-size:25px;font-style:italic;font-weight:500\">Hier erfahrt ihr Neuigkeiten zu allen Aktivit\u00e4ten des Vereins und zur n\u00e4chsten Radtour.<\/p>\n\n\n\n<p class=\"has-text-align-center has-luminous-vivid-orange-color has-text-color has-link-color wp-elements-44ce0752f0f3b9bdd68d09f1153ac9b9\" style=\"font-size:25px;font-style:italic;font-weight:500\">Gerne k\u00f6nnt ihr uns \u00fcber die Kommentare oder unter den angegeben Kontakten Fragen stellen. Wollt ihr Mitglied im Verein werden oder wollt ihr mehr \u00fcber uns erfahren, nehmt gerne Kontakt auf. <\/p>\n\n\n\n<p class=\"has-text-align-center has-luminous-vivid-orange-color has-text-color has-link-color wp-elements-1ae66d99491702167af3e3875153fd63\" style=\"font-size:25px;font-style:italic;font-weight:500\">Sch\u00f6n, dass ihr hier seid! &#8211; Schaut euch doch immer einmal um, wir versuchen immer aktuelle Aktivit\u00e4ten einzustellen. <\/p>\n\n\n\n<p class=\"has-text-align-center has-luminous-vivid-orange-color has-text-color has-link-color wp-elements-4634a57256ff728b800f6bb23ab3cf71\" style=\"font-size:30px;font-style:italic;font-weight:500\">Folgt uns auch gerne auf Facebook oder Instagram.<\/p>\n\n\n\n<p><\/p>\n\n\n\n<figure class=\"wp-block-image size-full wp-duotone-unset-1\"><img loading=\"lazy\" decoding=\"async\" width=\"819\" height=\"581\" src=\"https:\/\/1-rsv-forchheim.de\/wp-content\/uploads\/2023\/09\/LOGO-RSV-1.jpg\" alt=\"\" class=\"wp-image-169\" srcset=\"https:\/\/1-rsv-forchheim.de\/wp-content\/uploads\/2023\/09\/LOGO-RSV-1.jpg 819w, https:\/\/1-rsv-forchheim.de\/wp-content\/uploads\/2023\/09\/LOGO-RSV-1-300x213.jpg 300w, https:\/\/1-rsv-forchheim.de\/wp-content\/uploads\/2023\/09\/LOGO-RSV-1-768x545.jpg 768w\" sizes=\"auto, (max-width: 819px) 100vw, 819px\" \/><\/figure>\n\n\n\n<p><\/p>\n\n\n\n<p><\/p>\n\n\n\n<p><\/p>\n\n\n\n<p><\/p>\n\n\n\n<p><\/p>\n\n\n\n<p><\/p>\n\n\n\n<h4 class=\"wp-block-heading has-text-align-center has-black-color has-text-color has-medium-font-size\">Habt ihr schon von <strong>Monkey Island Forchheim <\/strong>geh\u00f6rt? <strong>&#8211; der Dirt \/ BMX \/ MTB Spot in Forchheim- <\/strong><\/h4>\n\n\n\n<p><\/p>\n\n\n\n<p class=\"has-vivid-cyan-blue-color has-text-color has-link-color wp-elements-d6953792709c283f197b7681828beb6e\" style=\"font-size:25px;font-style:italic;font-weight:500\">Nein?, dann solltet ihr einmal auf Instagram <strong>monkeyisland.fo<\/strong> folgen und das dortige Treiben verfolgen:<\/p>\n\n\n\n<p><\/p>\n\n\n\n<p><\/p>\n\n\n\n<figure class=\"wp-block-image size-large is-resized\"><img loading=\"lazy\" decoding=\"async\" width=\"724\" height=\"1024\" src=\"https:\/\/1-rsv-forchheim.de\/wp-content\/uploads\/2024\/05\/Monkey-724x1024.jpg\" alt=\"\" class=\"wp-image-306\" style=\"aspect-ratio:0.7070347675210297;width:283px;height:auto\" srcset=\"https:\/\/1-rsv-forchheim.de\/wp-content\/uploads\/2024\/05\/Monkey-724x1024.jpg 724w, https:\/\/1-rsv-forchheim.de\/wp-content\/uploads\/2024\/05\/Monkey-212x300.jpg 212w, https:\/\/1-rsv-forchheim.de\/wp-content\/uploads\/2024\/05\/Monkey-768x1086.jpg 768w, https:\/\/1-rsv-forchheim.de\/wp-content\/uploads\/2024\/05\/Monkey-1086x1536.jpg 1086w, https:\/\/1-rsv-forchheim.de\/wp-content\/uploads\/2024\/05\/Monkey.jpg 1131w\" sizes=\"auto, (max-width: 724px) 100vw, 724px\" \/><\/figure>\n\n\n\n<p><\/p>\n\n\n\n<p><\/p>\n\n\n\n<p><\/p>\n\n\n\n<p style=\"font-size:25px;font-style:italic;font-weight:500\">Begonnen hat alles im M\u00e4rz 2019. Die Anlage wurde dann am 03.10.2019 er\u00f6ffnet. <\/p>\n\n\n\n<p style=\"font-size:25px;font-style:italic;font-weight:500\">Es wurden 1000 qm\u00b2 Erde bewegt und das auf einem Gel\u00e4nde von 4000 qm\u00b2. Aufgebaut wurde die ganze Anlage in \u00fcber 1500 Ehrenamtsstunden. Seitdem flie\u00dfen j\u00e4hrlich ca. 200-400 Stunden in den Erhalt und Ausbau des Spots.<\/p>\n\n\n\n<p style=\"font-size:21px;font-style:italic;font-weight:500\">Auch im TV bei Sat.1 im Juni 2022 war Monkey Island schon zu sehen. Schaut euch doch einmal den Klipp hier an: <\/p>\n\n\n\n<p><a href=\"https:\/\/www.sat1.de\/serien\/1730-sat1-bayern\/videos\/mein-bayern-erleben-bier-und-fachwerk-in-forchheim-v_199suaytj0fw?fbclid=PAAaaqIkzOPmrQYNtgvTJ-X5e-zBDHEnst89lwRoUtj5a6iht_l9oZvjs9GOc\">https:\/\/www.sat1.de\/serien\/1730-sat1-bayern\/videos\/mein-bayern-erleben-bier-und-fachwerk-in-forchheim-v_199suaytj0fw?fbclid=PAAaaqIkzOPmrQYNtgvTJ-X5e-zBDHEnst89lwRoUtj5a6iht_l9oZvjs9GOc<\/a><\/p>\n\n\n\n<p><\/p>\n\n\n\n<p style=\"font-size:25px;font-style:italic;font-weight:500\">Hier werdet ihr auch immer auf dem Laufenden gehalten und es folgen auch in K\u00fcrze Bilder, in denen ihr gerne st\u00f6bern d\u00fcrft.<\/p>\n\n\n\n<p style=\"font-size:25px;font-style:italic;font-weight:500\">Bei Fragen wendet euch gerne an uns oder auch an monkeyisland.fo@gmail.com.<\/p>\n\n\n\n<p style=\"font-size:31px\"><\/p>\n\n\n\n<p><\/p>\n\n\n\n<p class=\"has-text-align-center\" style=\"font-size:36px;font-style:italic;font-weight:500\"><strong><mark style=\"background-color:rgba(0, 0, 0, 0)\" class=\"has-inline-color has-vivid-cyan-blue-color\">Hier haben wir f\u00fcr euch einige Impressionen:<\/mark><\/strong><\/p>\n\n\n\n<figure class=\"wp-block-gallery has-nested-images columns-default is-cropped wp-block-gallery-2 is-layout-flex wp-block-gallery-is-layout-flex\">\n<figure class=\"wp-block-image size-large\"><img loading=\"lazy\" decoding=\"async\" width=\"768\" height=\"1024\" data-id=\"316\" src=\"https:\/\/1-rsv-forchheim.de\/wp-content\/uploads\/2024\/05\/IMG_20190701_151248-768x1024.jpg\" alt=\"\" class=\"wp-image-316\" srcset=\"https:\/\/1-rsv-forchheim.de\/wp-content\/uploads\/2024\/05\/IMG_20190701_151248-768x1024.jpg 768w, https:\/\/1-rsv-forchheim.de\/wp-content\/uploads\/2024\/05\/IMG_20190701_151248-225x300.jpg 225w, https:\/\/1-rsv-forchheim.de\/wp-content\/uploads\/2024\/05\/IMG_20190701_151248-1152x1536.jpg 1152w, https:\/\/1-rsv-forchheim.de\/wp-content\/uploads\/2024\/05\/IMG_20190701_151248-1536x2048.jpg 1536w, https:\/\/1-rsv-forchheim.de\/wp-content\/uploads\/2024\/05\/IMG_20190701_151248-scaled.jpg 1920w\" sizes=\"auto, (max-width: 768px) 100vw, 768px\" \/><\/figure>\n\n\n\n<figure class=\"wp-block-image size-large\"><img loading=\"lazy\" decoding=\"async\" width=\"1024\" height=\"768\" data-id=\"317\" src=\"https:\/\/1-rsv-forchheim.de\/wp-content\/uploads\/2024\/05\/IMG_20190701_162810-1024x768.jpg\" alt=\"\" class=\"wp-image-317\" srcset=\"https:\/\/1-rsv-forchheim.de\/wp-content\/uploads\/2024\/05\/IMG_20190701_162810-1024x768.jpg 1024w, https:\/\/1-rsv-forchheim.de\/wp-content\/uploads\/2024\/05\/IMG_20190701_162810-300x225.jpg 300w, https:\/\/1-rsv-forchheim.de\/wp-content\/uploads\/2024\/05\/IMG_20190701_162810-768x576.jpg 768w, https:\/\/1-rsv-forchheim.de\/wp-content\/uploads\/2024\/05\/IMG_20190701_162810-1536x1152.jpg 1536w, https:\/\/1-rsv-forchheim.de\/wp-content\/uploads\/2024\/05\/IMG_20190701_162810-2048x1536.jpg 2048w\" sizes=\"auto, (max-width: 1024px) 100vw, 1024px\" \/><\/figure>\n\n\n\n<figure class=\"wp-block-image size-large\"><img loading=\"lazy\" decoding=\"async\" width=\"1024\" height=\"768\" data-id=\"313\" src=\"https:\/\/1-rsv-forchheim.de\/wp-content\/uploads\/2024\/05\/IMG_20190706_134556-1024x768.jpg\" alt=\"\" class=\"wp-image-313\" srcset=\"https:\/\/1-rsv-forchheim.de\/wp-content\/uploads\/2024\/05\/IMG_20190706_134556-1024x768.jpg 1024w, https:\/\/1-rsv-forchheim.de\/wp-content\/uploads\/2024\/05\/IMG_20190706_134556-300x225.jpg 300w, https:\/\/1-rsv-forchheim.de\/wp-content\/uploads\/2024\/05\/IMG_20190706_134556-768x576.jpg 768w, https:\/\/1-rsv-forchheim.de\/wp-content\/uploads\/2024\/05\/IMG_20190706_134556-1536x1152.jpg 1536w, https:\/\/1-rsv-forchheim.de\/wp-content\/uploads\/2024\/05\/IMG_20190706_134556-2048x1536.jpg 2048w\" sizes=\"auto, (max-width: 1024px) 100vw, 1024px\" \/><\/figure>\n\n\n\n<figure class=\"wp-block-image size-large\"><img loading=\"lazy\" decoding=\"async\" width=\"1024\" height=\"768\" data-id=\"312\" src=\"https:\/\/1-rsv-forchheim.de\/wp-content\/uploads\/2024\/05\/IMG_20190721_155723-1024x768.jpg\" alt=\"\" class=\"wp-image-312\" srcset=\"https:\/\/1-rsv-forchheim.de\/wp-content\/uploads\/2024\/05\/IMG_20190721_155723-1024x768.jpg 1024w, https:\/\/1-rsv-forchheim.de\/wp-content\/uploads\/2024\/05\/IMG_20190721_155723-300x225.jpg 300w, https:\/\/1-rsv-forchheim.de\/wp-content\/uploads\/2024\/05\/IMG_20190721_155723-768x576.jpg 768w, https:\/\/1-rsv-forchheim.de\/wp-content\/uploads\/2024\/05\/IMG_20190721_155723-1536x1152.jpg 1536w, https:\/\/1-rsv-forchheim.de\/wp-content\/uploads\/2024\/05\/IMG_20190721_155723-2048x1536.jpg 2048w\" sizes=\"auto, (max-width: 1024px) 100vw, 1024px\" \/><\/figure>\n\n\n\n<figure class=\"wp-block-image size-large\"><img loading=\"lazy\" decoding=\"async\" width=\"1024\" height=\"768\" data-id=\"333\" src=\"https:\/\/1-rsv-forchheim.de\/wp-content\/uploads\/2024\/05\/IMG_20190802_193038-1024x768.jpg\" alt=\"\" class=\"wp-image-333\" srcset=\"https:\/\/1-rsv-forchheim.de\/wp-content\/uploads\/2024\/05\/IMG_20190802_193038-1024x768.jpg 1024w, https:\/\/1-rsv-forchheim.de\/wp-content\/uploads\/2024\/05\/IMG_20190802_193038-300x225.jpg 300w, https:\/\/1-rsv-forchheim.de\/wp-content\/uploads\/2024\/05\/IMG_20190802_193038-768x576.jpg 768w, https:\/\/1-rsv-forchheim.de\/wp-content\/uploads\/2024\/05\/IMG_20190802_193038-1536x1152.jpg 1536w, https:\/\/1-rsv-forchheim.de\/wp-content\/uploads\/2024\/05\/IMG_20190802_193038-2048x1536.jpg 2048w\" sizes=\"auto, (max-width: 1024px) 100vw, 1024px\" \/><\/figure>\n\n\n\n<figure class=\"wp-block-image size-large\"><img loading=\"lazy\" decoding=\"async\" width=\"768\" height=\"1024\" data-id=\"329\" src=\"https:\/\/1-rsv-forchheim.de\/wp-content\/uploads\/2024\/05\/IMG_20190804_144035-768x1024.jpg\" alt=\"\" class=\"wp-image-329\" srcset=\"https:\/\/1-rsv-forchheim.de\/wp-content\/uploads\/2024\/05\/IMG_20190804_144035-768x1024.jpg 768w, https:\/\/1-rsv-forchheim.de\/wp-content\/uploads\/2024\/05\/IMG_20190804_144035-225x300.jpg 225w, https:\/\/1-rsv-forchheim.de\/wp-content\/uploads\/2024\/05\/IMG_20190804_144035-1152x1536.jpg 1152w, https:\/\/1-rsv-forchheim.de\/wp-content\/uploads\/2024\/05\/IMG_20190804_144035-1536x2048.jpg 1536w, https:\/\/1-rsv-forchheim.de\/wp-content\/uploads\/2024\/05\/IMG_20190804_144035-scaled.jpg 1920w\" sizes=\"auto, (max-width: 768px) 100vw, 768px\" \/><\/figure>\n\n\n\n<figure class=\"wp-block-image size-large\"><img loading=\"lazy\" decoding=\"async\" width=\"1024\" height=\"768\" data-id=\"310\" src=\"https:\/\/1-rsv-forchheim.de\/wp-content\/uploads\/2024\/05\/IMG-20190706-WA0023-1024x768.jpg\" alt=\"\" class=\"wp-image-310\" srcset=\"https:\/\/1-rsv-forchheim.de\/wp-content\/uploads\/2024\/05\/IMG-20190706-WA0023-1024x768.jpg 1024w, https:\/\/1-rsv-forchheim.de\/wp-content\/uploads\/2024\/05\/IMG-20190706-WA0023-300x225.jpg 300w, https:\/\/1-rsv-forchheim.de\/wp-content\/uploads\/2024\/05\/IMG-20190706-WA0023-768x576.jpg 768w, https:\/\/1-rsv-forchheim.de\/wp-content\/uploads\/2024\/05\/IMG-20190706-WA0023-1536x1153.jpg 1536w, https:\/\/1-rsv-forchheim.de\/wp-content\/uploads\/2024\/05\/IMG-20190706-WA0023.jpg 1599w\" sizes=\"auto, (max-width: 1024px) 100vw, 1024px\" \/><\/figure>\n\n\n\n<figure class=\"wp-block-image size-large\"><img loading=\"lazy\" decoding=\"async\" width=\"1024\" height=\"768\" data-id=\"320\" src=\"https:\/\/1-rsv-forchheim.de\/wp-content\/uploads\/2024\/05\/IMG-20190720-WA0003-1024x768.jpg\" alt=\"\" class=\"wp-image-320\" srcset=\"https:\/\/1-rsv-forchheim.de\/wp-content\/uploads\/2024\/05\/IMG-20190720-WA0003-1024x768.jpg 1024w, https:\/\/1-rsv-forchheim.de\/wp-content\/uploads\/2024\/05\/IMG-20190720-WA0003-300x225.jpg 300w, https:\/\/1-rsv-forchheim.de\/wp-content\/uploads\/2024\/05\/IMG-20190720-WA0003-768x576.jpg 768w, https:\/\/1-rsv-forchheim.de\/wp-content\/uploads\/2024\/05\/IMG-20190720-WA0003-1536x1152.jpg 1536w, https:\/\/1-rsv-forchheim.de\/wp-content\/uploads\/2024\/05\/IMG-20190720-WA0003.jpg 1600w\" sizes=\"auto, (max-width: 1024px) 100vw, 1024px\" \/><\/figure>\n\n\n\n<figure class=\"wp-block-image size-large\"><img loading=\"lazy\" decoding=\"async\" width=\"1024\" height=\"768\" data-id=\"330\" src=\"https:\/\/1-rsv-forchheim.de\/wp-content\/uploads\/2024\/05\/IMG-20190720-WA0004-1024x768.jpg\" alt=\"\" class=\"wp-image-330\" srcset=\"https:\/\/1-rsv-forchheim.de\/wp-content\/uploads\/2024\/05\/IMG-20190720-WA0004-1024x768.jpg 1024w, https:\/\/1-rsv-forchheim.de\/wp-content\/uploads\/2024\/05\/IMG-20190720-WA0004-300x225.jpg 300w, https:\/\/1-rsv-forchheim.de\/wp-content\/uploads\/2024\/05\/IMG-20190720-WA0004-768x576.jpg 768w, https:\/\/1-rsv-forchheim.de\/wp-content\/uploads\/2024\/05\/IMG-20190720-WA0004-1536x1152.jpg 1536w, https:\/\/1-rsv-forchheim.de\/wp-content\/uploads\/2024\/05\/IMG-20190720-WA0004.jpg 1600w\" sizes=\"auto, (max-width: 1024px) 100vw, 1024px\" \/><\/figure>\n\n\n\n<figure class=\"wp-block-image size-large\"><img loading=\"lazy\" decoding=\"async\" width=\"1024\" height=\"768\" data-id=\"325\" src=\"https:\/\/1-rsv-forchheim.de\/wp-content\/uploads\/2024\/05\/IMG-20190812-WA0046-1024x768.jpg\" alt=\"\" class=\"wp-image-325\" srcset=\"https:\/\/1-rsv-forchheim.de\/wp-content\/uploads\/2024\/05\/IMG-20190812-WA0046-1024x768.jpg 1024w, https:\/\/1-rsv-forchheim.de\/wp-content\/uploads\/2024\/05\/IMG-20190812-WA0046-300x225.jpg 300w, https:\/\/1-rsv-forchheim.de\/wp-content\/uploads\/2024\/05\/IMG-20190812-WA0046-768x576.jpg 768w, https:\/\/1-rsv-forchheim.de\/wp-content\/uploads\/2024\/05\/IMG-20190812-WA0046-1536x1153.jpg 1536w, https:\/\/1-rsv-forchheim.de\/wp-content\/uploads\/2024\/05\/IMG-20190812-WA0046.jpg 1599w\" sizes=\"auto, (max-width: 1024px) 100vw, 1024px\" \/><\/figure>\n\n\n\n<figure class=\"wp-block-image size-large\"><img loading=\"lazy\" decoding=\"async\" width=\"664\" height=\"821\" data-id=\"309\" src=\"https:\/\/1-rsv-forchheim.de\/wp-content\/uploads\/2024\/05\/IMG-20191003-WA0021-1.jpg\" alt=\"\" class=\"wp-image-309\" srcset=\"https:\/\/1-rsv-forchheim.de\/wp-content\/uploads\/2024\/05\/IMG-20191003-WA0021-1.jpg 664w, https:\/\/1-rsv-forchheim.de\/wp-content\/uploads\/2024\/05\/IMG-20191003-WA0021-1-243x300.jpg 243w\" sizes=\"auto, (max-width: 664px) 100vw, 664px\" \/><\/figure>\n\n\n\n<figure class=\"wp-block-image size-large\"><img loading=\"lazy\" decoding=\"async\" width=\"1024\" height=\"484\" data-id=\"322\" src=\"https:\/\/1-rsv-forchheim.de\/wp-content\/uploads\/2024\/05\/IMG-20200718-WA0008-1024x484.jpg\" alt=\"\" class=\"wp-image-322\" srcset=\"https:\/\/1-rsv-forchheim.de\/wp-content\/uploads\/2024\/05\/IMG-20200718-WA0008-1024x484.jpg 1024w, https:\/\/1-rsv-forchheim.de\/wp-content\/uploads\/2024\/05\/IMG-20200718-WA0008-300x142.jpg 300w, https:\/\/1-rsv-forchheim.de\/wp-content\/uploads\/2024\/05\/IMG-20200718-WA0008-768x363.jpg 768w, https:\/\/1-rsv-forchheim.de\/wp-content\/uploads\/2024\/05\/IMG-20200718-WA0008-1536x727.jpg 1536w, https:\/\/1-rsv-forchheim.de\/wp-content\/uploads\/2024\/05\/IMG-20200718-WA0008.jpg 1600w\" sizes=\"auto, (max-width: 1024px) 100vw, 1024px\" \/><\/figure>\n\n\n\n<figure class=\"wp-block-image size-large\"><img loading=\"lazy\" decoding=\"async\" width=\"1024\" height=\"484\" data-id=\"327\" src=\"https:\/\/1-rsv-forchheim.de\/wp-content\/uploads\/2024\/05\/IMG-20200718-WA0012-1024x484.jpg\" alt=\"\" class=\"wp-image-327\" srcset=\"https:\/\/1-rsv-forchheim.de\/wp-content\/uploads\/2024\/05\/IMG-20200718-WA0012-1024x484.jpg 1024w, https:\/\/1-rsv-forchheim.de\/wp-content\/uploads\/2024\/05\/IMG-20200718-WA0012-300x142.jpg 300w, https:\/\/1-rsv-forchheim.de\/wp-content\/uploads\/2024\/05\/IMG-20200718-WA0012-768x363.jpg 768w, https:\/\/1-rsv-forchheim.de\/wp-content\/uploads\/2024\/05\/IMG-20200718-WA0012-1536x727.jpg 1536w, https:\/\/1-rsv-forchheim.de\/wp-content\/uploads\/2024\/05\/IMG-20200718-WA0012.jpg 1600w\" sizes=\"auto, (max-width: 1024px) 100vw, 1024px\" \/><\/figure>\n\n\n\n<figure class=\"wp-block-image size-large\"><img loading=\"lazy\" decoding=\"async\" width=\"640\" height=\"1024\" data-id=\"311\" src=\"https:\/\/1-rsv-forchheim.de\/wp-content\/uploads\/2024\/05\/IMG-20220227-WA0000-640x1024.jpg\" alt=\"\" class=\"wp-image-311\" srcset=\"https:\/\/1-rsv-forchheim.de\/wp-content\/uploads\/2024\/05\/IMG-20220227-WA0000-640x1024.jpg 640w, https:\/\/1-rsv-forchheim.de\/wp-content\/uploads\/2024\/05\/IMG-20220227-WA0000-188x300.jpg 188w, https:\/\/1-rsv-forchheim.de\/wp-content\/uploads\/2024\/05\/IMG-20220227-WA0000-768x1229.jpg 768w, https:\/\/1-rsv-forchheim.de\/wp-content\/uploads\/2024\/05\/IMG-20220227-WA0000-960x1536.jpg 960w, https:\/\/1-rsv-forchheim.de\/wp-content\/uploads\/2024\/05\/IMG-20220227-WA0000.jpg 1000w\" sizes=\"auto, (max-width: 640px) 100vw, 640px\" \/><\/figure>\n\n\n\n<figure class=\"wp-block-image size-large\"><img loading=\"lazy\" decoding=\"async\" width=\"1024\" height=\"1024\" data-id=\"321\" src=\"https:\/\/1-rsv-forchheim.de\/wp-content\/uploads\/2024\/05\/IMG-20220227-WA0003-1024x1024.jpg\" alt=\"\" class=\"wp-image-321\" srcset=\"https:\/\/1-rsv-forchheim.de\/wp-content\/uploads\/2024\/05\/IMG-20220227-WA0003-1024x1024.jpg 1024w, https:\/\/1-rsv-forchheim.de\/wp-content\/uploads\/2024\/05\/IMG-20220227-WA0003-300x300.jpg 300w, https:\/\/1-rsv-forchheim.de\/wp-content\/uploads\/2024\/05\/IMG-20220227-WA0003-150x150.jpg 150w, https:\/\/1-rsv-forchheim.de\/wp-content\/uploads\/2024\/05\/IMG-20220227-WA0003-768x768.jpg 768w, https:\/\/1-rsv-forchheim.de\/wp-content\/uploads\/2024\/05\/IMG-20220227-WA0003.jpg 1440w\" sizes=\"auto, (max-width: 1024px) 100vw, 1024px\" \/><\/figure>\n\n\n\n<figure class=\"wp-block-image size-large\"><img loading=\"lazy\" decoding=\"async\" width=\"768\" height=\"1024\" data-id=\"328\" src=\"https:\/\/1-rsv-forchheim.de\/wp-content\/uploads\/2024\/05\/IMG-20220302-WA0016-768x1024.jpg\" alt=\"\" class=\"wp-image-328\" srcset=\"https:\/\/1-rsv-forchheim.de\/wp-content\/uploads\/2024\/05\/IMG-20220302-WA0016-768x1024.jpg 768w, https:\/\/1-rsv-forchheim.de\/wp-content\/uploads\/2024\/05\/IMG-20220302-WA0016-225x300.jpg 225w, https:\/\/1-rsv-forchheim.de\/wp-content\/uploads\/2024\/05\/IMG-20220302-WA0016-1152x1536.jpg 1152w, https:\/\/1-rsv-forchheim.de\/wp-content\/uploads\/2024\/05\/IMG-20220302-WA0016.jpg 1200w\" sizes=\"auto, (max-width: 768px) 100vw, 768px\" \/><\/figure>\n\n\n\n<figure class=\"wp-block-image size-large\"><img loading=\"lazy\" decoding=\"async\" width=\"576\" height=\"1024\" data-id=\"314\" src=\"https:\/\/1-rsv-forchheim.de\/wp-content\/uploads\/2024\/05\/IMG-20220407-WA0003-576x1024.jpg\" alt=\"\" class=\"wp-image-314\" srcset=\"https:\/\/1-rsv-forchheim.de\/wp-content\/uploads\/2024\/05\/IMG-20220407-WA0003-576x1024.jpg 576w, https:\/\/1-rsv-forchheim.de\/wp-content\/uploads\/2024\/05\/IMG-20220407-WA0003-169x300.jpg 169w, https:\/\/1-rsv-forchheim.de\/wp-content\/uploads\/2024\/05\/IMG-20220407-WA0003-768x1365.jpg 768w, https:\/\/1-rsv-forchheim.de\/wp-content\/uploads\/2024\/05\/IMG-20220407-WA0003-864x1536.jpg 864w, https:\/\/1-rsv-forchheim.de\/wp-content\/uploads\/2024\/05\/IMG-20220407-WA0003.jpg 1152w\" sizes=\"auto, (max-width: 576px) 100vw, 576px\" \/><\/figure>\n\n\n\n<figure class=\"wp-block-image size-large\"><img loading=\"lazy\" decoding=\"async\" width=\"461\" height=\"1024\" data-id=\"331\" src=\"https:\/\/1-rsv-forchheim.de\/wp-content\/uploads\/2024\/05\/IMG-20220407-WA0007-461x1024.jpg\" alt=\"\" class=\"wp-image-331\" srcset=\"https:\/\/1-rsv-forchheim.de\/wp-content\/uploads\/2024\/05\/IMG-20220407-WA0007-461x1024.jpg 461w, https:\/\/1-rsv-forchheim.de\/wp-content\/uploads\/2024\/05\/IMG-20220407-WA0007-135x300.jpg 135w, https:\/\/1-rsv-forchheim.de\/wp-content\/uploads\/2024\/05\/IMG-20220407-WA0007-768x1708.jpg 768w, https:\/\/1-rsv-forchheim.de\/wp-content\/uploads\/2024\/05\/IMG-20220407-WA0007-691x1536.jpg 691w, https:\/\/1-rsv-forchheim.de\/wp-content\/uploads\/2024\/05\/IMG-20220407-WA0007.jpg 921w\" sizes=\"auto, (max-width: 461px) 100vw, 461px\" \/><\/figure>\n\n\n\n<figure class=\"wp-block-image size-large\"><img loading=\"lazy\" decoding=\"async\" width=\"1024\" height=\"461\" data-id=\"315\" src=\"https:\/\/1-rsv-forchheim.de\/wp-content\/uploads\/2024\/05\/IMG-20220407-WA0009-1024x461.jpg\" alt=\"\" class=\"wp-image-315\" srcset=\"https:\/\/1-rsv-forchheim.de\/wp-content\/uploads\/2024\/05\/IMG-20220407-WA0009-1024x461.jpg 1024w, https:\/\/1-rsv-forchheim.de\/wp-content\/uploads\/2024\/05\/IMG-20220407-WA0009-300x135.jpg 300w, https:\/\/1-rsv-forchheim.de\/wp-content\/uploads\/2024\/05\/IMG-20220407-WA0009-768x346.jpg 768w, https:\/\/1-rsv-forchheim.de\/wp-content\/uploads\/2024\/05\/IMG-20220407-WA0009-1536x691.jpg 1536w, https:\/\/1-rsv-forchheim.de\/wp-content\/uploads\/2024\/05\/IMG-20220407-WA0009.jpg 1600w\" sizes=\"auto, (max-width: 1024px) 100vw, 1024px\" \/><\/figure>\n\n\n\n<figure class=\"wp-block-image size-large\"><img loading=\"lazy\" decoding=\"async\" width=\"1024\" height=\"461\" data-id=\"318\" src=\"https:\/\/1-rsv-forchheim.de\/wp-content\/uploads\/2024\/05\/IMG-20220408-WA0003-1024x461.jpg\" alt=\"\" class=\"wp-image-318\" srcset=\"https:\/\/1-rsv-forchheim.de\/wp-content\/uploads\/2024\/05\/IMG-20220408-WA0003-1024x461.jpg 1024w, https:\/\/1-rsv-forchheim.de\/wp-content\/uploads\/2024\/05\/IMG-20220408-WA0003-300x135.jpg 300w, https:\/\/1-rsv-forchheim.de\/wp-content\/uploads\/2024\/05\/IMG-20220408-WA0003-768x346.jpg 768w, https:\/\/1-rsv-forchheim.de\/wp-content\/uploads\/2024\/05\/IMG-20220408-WA0003-1536x691.jpg 1536w, https:\/\/1-rsv-forchheim.de\/wp-content\/uploads\/2024\/05\/IMG-20220408-WA0003.jpg 1600w\" sizes=\"auto, (max-width: 1024px) 100vw, 1024px\" \/><\/figure>\n\n\n\n<figure class=\"wp-block-image size-large\"><img loading=\"lazy\" decoding=\"async\" width=\"1024\" height=\"461\" data-id=\"323\" src=\"https:\/\/1-rsv-forchheim.de\/wp-content\/uploads\/2024\/05\/IMG-20220408-WA0005-1024x461.jpg\" alt=\"\" class=\"wp-image-323\" srcset=\"https:\/\/1-rsv-forchheim.de\/wp-content\/uploads\/2024\/05\/IMG-20220408-WA0005-1024x461.jpg 1024w, https:\/\/1-rsv-forchheim.de\/wp-content\/uploads\/2024\/05\/IMG-20220408-WA0005-300x135.jpg 300w, https:\/\/1-rsv-forchheim.de\/wp-content\/uploads\/2024\/05\/IMG-20220408-WA0005-768x346.jpg 768w, https:\/\/1-rsv-forchheim.de\/wp-content\/uploads\/2024\/05\/IMG-20220408-WA0005-1536x691.jpg 1536w, https:\/\/1-rsv-forchheim.de\/wp-content\/uploads\/2024\/05\/IMG-20220408-WA0005.jpg 1600w\" sizes=\"auto, (max-width: 1024px) 100vw, 1024px\" \/><\/figure>\n\n\n\n<figure class=\"wp-block-image size-large\"><img loading=\"lazy\" decoding=\"async\" width=\"1024\" height=\"768\" data-id=\"326\" src=\"https:\/\/1-rsv-forchheim.de\/wp-content\/uploads\/2024\/05\/IMG-20220412-WA0013-1024x768.jpg\" alt=\"\" class=\"wp-image-326\" srcset=\"https:\/\/1-rsv-forchheim.de\/wp-content\/uploads\/2024\/05\/IMG-20220412-WA0013-1024x768.jpg 1024w, https:\/\/1-rsv-forchheim.de\/wp-content\/uploads\/2024\/05\/IMG-20220412-WA0013-300x225.jpg 300w, https:\/\/1-rsv-forchheim.de\/wp-content\/uploads\/2024\/05\/IMG-20220412-WA0013-768x576.jpg 768w, https:\/\/1-rsv-forchheim.de\/wp-content\/uploads\/2024\/05\/IMG-20220412-WA0013-1536x1152.jpg 1536w, https:\/\/1-rsv-forchheim.de\/wp-content\/uploads\/2024\/05\/IMG-20220412-WA0013.jpg 1600w\" sizes=\"auto, (max-width: 1024px) 100vw, 1024px\" \/><\/figure>\n\n\n\n<figure class=\"wp-block-image size-large\"><img loading=\"lazy\" decoding=\"async\" width=\"768\" height=\"1024\" data-id=\"324\" src=\"https:\/\/1-rsv-forchheim.de\/wp-content\/uploads\/2024\/05\/IMG-20220412-WA0014-768x1024.jpg\" alt=\"\" class=\"wp-image-324\" srcset=\"https:\/\/1-rsv-forchheim.de\/wp-content\/uploads\/2024\/05\/IMG-20220412-WA0014-768x1024.jpg 768w, https:\/\/1-rsv-forchheim.de\/wp-content\/uploads\/2024\/05\/IMG-20220412-WA0014-225x300.jpg 225w, https:\/\/1-rsv-forchheim.de\/wp-content\/uploads\/2024\/05\/IMG-20220412-WA0014-1152x1536.jpg 1152w, https:\/\/1-rsv-forchheim.de\/wp-content\/uploads\/2024\/05\/IMG-20220412-WA0014.jpg 1200w\" sizes=\"auto, (max-width: 768px) 100vw, 768px\" \/><\/figure>\n\n\n\n<figure class=\"wp-block-image size-large\"><img loading=\"lazy\" decoding=\"async\" width=\"600\" height=\"450\" data-id=\"319\" src=\"https:\/\/1-rsv-forchheim.de\/wp-content\/uploads\/2024\/05\/IMG-20221208-WA0003.jpg\" alt=\"\" class=\"wp-image-319\" srcset=\"https:\/\/1-rsv-forchheim.de\/wp-content\/uploads\/2024\/05\/IMG-20221208-WA0003.jpg 600w, https:\/\/1-rsv-forchheim.de\/wp-content\/uploads\/2024\/05\/IMG-20221208-WA0003-300x225.jpg 300w\" sizes=\"auto, (max-width: 600px) 100vw, 600px\" \/><\/figure>\n\n\n\n<figure class=\"wp-block-image size-large\"><img loading=\"lazy\" decoding=\"async\" width=\"768\" height=\"1024\" data-id=\"332\" src=\"https:\/\/1-rsv-forchheim.de\/wp-content\/uploads\/2024\/05\/Monkey-Island-1-768x1024.jpg\" alt=\"\" class=\"wp-image-332\" srcset=\"https:\/\/1-rsv-forchheim.de\/wp-content\/uploads\/2024\/05\/Monkey-Island-1-768x1024.jpg 768w, https:\/\/1-rsv-forchheim.de\/wp-content\/uploads\/2024\/05\/Monkey-Island-1-225x300.jpg 225w, https:\/\/1-rsv-forchheim.de\/wp-content\/uploads\/2024\/05\/Monkey-Island-1-1152x1536.jpg 1152w, https:\/\/1-rsv-forchheim.de\/wp-content\/uploads\/2024\/05\/Monkey-Island-1-1536x2048.jpg 1536w, https:\/\/1-rsv-forchheim.de\/wp-content\/uploads\/2024\/05\/Monkey-Island-1-scaled.jpg 1920w\" sizes=\"auto, (max-width: 768px) 100vw, 768px\" \/><\/figure>\n<\/figure>\n","protected":false},"excerpt":{"rendered":"<p>Hier erfahrt ihr Neuigkeiten zu allen Aktivit\u00e4ten des Vereins und zur n\u00e4chsten Radtour. Gerne k\u00f6nnt ihr uns \u00fcber die Kommentare oder unter den angegeben Kontakten Fragen stellen. Wollt ihr Mitglied im Verein werden oder wollt ihr mehr \u00fcber uns erfahren, nehmt gerne Kontakt auf. Sch\u00f6n,&nbsp;<a class=\"read-more\" href=\"https:\/\/1-rsv-forchheim.de\/\">&hellip;<\/a><\/p>\n","protected":false},"author":1,"featured_media":0,"parent":0,"menu_order":0,"comment_status":"open","ping_status":"open","template":"","meta":{"footnotes":""},"class_list":["post-4","page","type-page","status-publish","hentry"],"_links":{"self":[{"href":"https:\/\/1-rsv-forchheim.de\/index.php?rest_route=\/wp\/v2\/pages\/4","targetHints":{"allow":["GET"]}}],"collection":[{"href":"https:\/\/1-rsv-forchheim.de\/index.php?rest_route=\/wp\/v2\/pages"}],"about":[{"href":"https:\/\/1-rsv-forchheim.de\/index.php?rest_route=\/wp\/v2\/types\/page"}],"author":[{"embeddable":true,"href":"https:\/\/1-rsv-forchheim.de\/index.php?rest_route=\/wp\/v2\/users\/1"}],"replies":[{"embeddable":true,"href":"https:\/\/1-rsv-forchheim.de\/index.php?rest_route=%2Fwp%2Fv2%2Fcomments&post=4"}],"version-history":[{"count":7,"href":"https:\/\/1-rsv-forchheim.de\/index.php?rest_route=\/wp\/v2\/pages\/4\/revisions"}],"predecessor-version":[{"id":748,"href":"https:\/\/1-rsv-forchheim.de\/index.php?rest_route=\/wp\/v2\/pages\/4\/revisions\/748"}],"wp:attachment":[{"href":"https:\/\/1-rsv-forchheim.de\/index.php?rest_route=%2Fwp%2Fv2%2Fmedia&parent=4"}],"curies":[{"name":"wp","href":"https:\/\/api.w.org\/{rel}","templated":true}]}}